{"id":17,"date":"2025-05-27T15:34:27","date_gmt":"2025-05-27T18:34:27","guid":{"rendered":"http:\/\/noximmhost\/imm-spopen\/?page_id=17"},"modified":"2025-05-29T16:30:08","modified_gmt":"2025-05-29T19:30:08","slug":"o-sp-open","status":"publish","type":"page","link":"https:\/\/spopen.nox.dev\/en\/sobre\/o-sp-open\/","title":{"rendered":"The SP Open"},"content":{"rendered":"<h1 class=\"wp-block-heading\">SP Open 2025 - The WTA in the biggest city in the Americas<\/h1>\n\n\n\n<h2 class=\"wp-block-heading\">A new chapter for women's tennis in Brazil<\/h2>\n\n\n\n<p>Everything happens here.<\/p>\n\n\n\n<p>In the city that never plays small, women's tennis is gaining a stage, power and prominence.<\/p>\n\n\n\n<p>From September 6 to 14, 2025, Parque Villa-Lobos will host the first edition of the SP Open - a WTA 250 played on fast courts, which marks S\u00e3o Paulo's return to the official WTA calendar after 25 years.<\/p>\n\n\n\n<p>It's the biggest WTA in Brazil since 2016. And the most important in S\u00e3o Paulo since 2000.<\/p>\n\n\n\n<p>In all, there will be 32 tennis players in the main draw and 16 doubles players. In parallel, there will be an arena set up in the middle of the green, sponsor activations, gastronomy, experiences and much more.<\/p>\n\n\n\n<p>As Alan Adler, CEO of IMM, summarizes:<\/p>\n\n\n\n<h3 class=\"wp-block-heading\"><em>\"We've always wanted to promote a high-level women's competition. Now, thanks to the support of City Hall and important brands, we're going to make that dream come true. The ambition is to offer the public great matches, as well as quality leisure and entertainment.\"<\/em><\/h3>\n\n\n\n<p>The SP Open is not just a tournament.<\/p>\n\n\n\n<p>It's the court, the city, and a narrative that is now theirs.<\/p>\n\n\n\n<p><\/p>","protected":false},"excerpt":{"rendered":"<p>SP Open 2025 \u2014 O WTA da maior cidade das Am\u00e9ricas Um novo cap\u00edtulo para o t\u00eanis feminino no Brasil Tudo acontece aqui. Na cidade que nunca joga pequeno, o t\u00eanis feminino ganha palco, pot\u00eancia e protagonismo. De 6 a 14 de setembro de 2025, o Parque Villa-Lobos recebe a primeira edi\u00e7\u00e3o do&nbsp; SP Open [&hellip;]<\/p>","protected":false},"author":1,"featured_media":0,"parent":2,"menu_order":0,"comment_status":"closed","ping_status":"closed","template":"","meta":{"_acf_changed":false,"footnotes":""},"class_list":["post-17","page","type-page","status-publish","hentry"],"acf":[],"_links":{"self":[{"href":"https:\/\/spopen.nox.dev\/en\/wp-json\/wp\/v2\/pages\/17","targetHints":{"allow":["GET"]}}],"collection":[{"href":"https:\/\/spopen.nox.dev\/en\/wp-json\/wp\/v2\/pages"}],"about":[{"href":"https:\/\/spopen.nox.dev\/en\/wp-json\/wp\/v2\/types\/page"}],"author":[{"embeddable":true,"href":"https:\/\/spopen.nox.dev\/en\/wp-json\/wp\/v2\/users\/1"}],"replies":[{"embeddable":true,"href":"https:\/\/spopen.nox.dev\/en\/wp-json\/wp\/v2\/comments?post=17"}],"version-history":[{"count":2,"href":"https:\/\/spopen.nox.dev\/en\/wp-json\/wp\/v2\/pages\/17\/revisions"}],"predecessor-version":[{"id":62,"href":"https:\/\/spopen.nox.dev\/en\/wp-json\/wp\/v2\/pages\/17\/revisions\/62"}],"up":[{"embeddable":true,"href":"https:\/\/spopen.nox.dev\/en\/wp-json\/wp\/v2\/pages\/2"}],"wp:attachment":[{"href":"https:\/\/spopen.nox.dev\/en\/wp-json\/wp\/v2\/media?parent=17"}],"curies":[{"name":"wp","href":"https:\/\/api.w.org\/{rel}","templated":true}]}}