{"id":19,"date":"2025-05-27T15:34:41","date_gmt":"2025-05-27T18:34:41","guid":{"rendered":"http:\/\/noximmhost\/imm-spopen\/?page_id=19"},"modified":"2025-06-02T18:10:30","modified_gmt":"2025-06-02T21:10:30","slug":"estrutura","status":"publish","type":"page","link":"https:\/\/spopen.nox.dev\/en\/sobre\/estrutura\/","title":{"rendered":"Structure"},"content":{"rendered":"<h1 class=\"wp-block-heading\">What you'll find at the SP Open<\/h1>\n\n\n\n<h2 class=\"wp-block-heading\">A venue fit for the tournament<\/h2>\n\n\n\n<p>The SP Open will be held in one of the city's largest parks, with a custom-built structure to host the event:<\/p>\n\n\n\n<ul class=\"wp-block-list\">\n<li>3 courts for games (Central Court and Courts 1 and 2)<\/li>\n\n\n\n<li>3 training and support courts<\/li>\n\n\n\n<li>Total area of 30,000 m\u00b2<\/li>\n\n\n\n<li>32 tennis players in the main draw<\/li>\n\n\n\n<li>24 players in qualifying<\/li>\n\n\n\n<li>16 women's pairs<\/li>\n<\/ul>\n\n\n\n<figure class=\"wp-block-image size-large\"><img loading=\"lazy\" decoding=\"async\" width=\"1024\" height=\"576\" src=\"https:\/\/spopen.nox.dev\/wp-content\/uploads\/2025\/06\/02-SPOPEN_Mapa-3D_Coletiva-1024x576.jpg\" alt=\"\" class=\"wp-image-142\" srcset=\"https:\/\/spopen.nox.dev\/wp-content\/uploads\/2025\/06\/02-SPOPEN_Mapa-3D_Coletiva-1024x576.jpg 1024w, https:\/\/spopen.nox.dev\/wp-content\/uploads\/2025\/06\/02-SPOPEN_Mapa-3D_Coletiva-300x169.jpg 300w, https:\/\/spopen.nox.dev\/wp-content\/uploads\/2025\/06\/02-SPOPEN_Mapa-3D_Coletiva-768x432.jpg 768w, https:\/\/spopen.nox.dev\/wp-content\/uploads\/2025\/06\/02-SPOPEN_Mapa-3D_Coletiva-1536x864.jpg 1536w, https:\/\/spopen.nox.dev\/wp-content\/uploads\/2025\/06\/02-SPOPEN_Mapa-3D_Coletiva-2048x1152.jpg 2048w\" sizes=\"auto, (max-width: 1024px) 100vw, 1024px\" \/><\/figure>\n\n\n\n<p class=\"has-text-align-center legenda\">SP OPEN 2025 - Reproduction \/ Instagram (@spopen)<\/p>\n\n\n\n<h2 class=\"wp-block-heading\">Boulevard SP Open - far beyond the courts<\/h2>\n\n\n\n<p>During the tournament, the public will be able to explore a common area with various attractions:<\/p>\n\n\n\n<ul class=\"wp-block-list\">\n<li>2 restaurants<\/li>\n\n\n\n<li>3 food trucks<\/li>\n\n\n\n<li>Official product store<\/li>\n\n\n\n<li>120m\u00b2 Slyce &amp; Asics store with an exclusive range of official products<\/li>\n\n\n\n<li>22 sponsor stands with activations and experiences<\/li>\n<\/ul>\n\n\n\n<h2 class=\"wp-block-heading\">ACE CLUB - VIP experience<\/h2>\n\n\n\n<p>The Ace Club (750 m\u00b2) is a VIP area designed for those who want to enjoy the SP Open in comfort, exclusivity and good food. An air-conditioned space, ideal for breaks between matches, meetings and activations.<\/p>\n\n\n\n<p>With its premium structure, dedicated service and privileged location within the event, the Ace Club offers a differentiated experience for guests and sponsors.<\/p>\n\n\n\n<p><\/p>","protected":false},"excerpt":{"rendered":"<p>O que voc\u00ea vai encontrar no SP Open Um espa\u00e7o \u00e0 altura do torneio O SP Open ser\u00e1 realizado em um dos maiores parques da cidade, com estrutura constru\u00edda sob medida para receber o evento: SP OPEN 2025 &#8211; Reprodu\u00e7\u00e3o \/ Instagram (@spopen) Boulevard SP Open \u2014 muito al\u00e9m das quadras Durante o torneio, o [&hellip;]<\/p>","protected":false},"author":1,"featured_media":0,"parent":2,"menu_order":0,"comment_status":"closed","ping_status":"closed","template":"","meta":{"_acf_changed":false,"footnotes":""},"class_list":["post-19","page","type-page","status-publish","hentry"],"acf":[],"_links":{"self":[{"href":"https:\/\/spopen.nox.dev\/en\/wp-json\/wp\/v2\/pages\/19","targetHints":{"allow":["GET"]}}],"collection":[{"href":"https:\/\/spopen.nox.dev\/en\/wp-json\/wp\/v2\/pages"}],"about":[{"href":"https:\/\/spopen.nox.dev\/en\/wp-json\/wp\/v2\/types\/page"}],"author":[{"embeddable":true,"href":"https:\/\/spopen.nox.dev\/en\/wp-json\/wp\/v2\/users\/1"}],"replies":[{"embeddable":true,"href":"https:\/\/spopen.nox.dev\/en\/wp-json\/wp\/v2\/comments?post=19"}],"version-history":[{"count":3,"href":"https:\/\/spopen.nox.dev\/en\/wp-json\/wp\/v2\/pages\/19\/revisions"}],"predecessor-version":[{"id":143,"href":"https:\/\/spopen.nox.dev\/en\/wp-json\/wp\/v2\/pages\/19\/revisions\/143"}],"up":[{"embeddable":true,"href":"https:\/\/spopen.nox.dev\/en\/wp-json\/wp\/v2\/pages\/2"}],"wp:attachment":[{"href":"https:\/\/spopen.nox.dev\/en\/wp-json\/wp\/v2\/media?parent=19"}],"curies":[{"name":"wp","href":"https:\/\/api.w.org\/{rel}","templated":true}]}}