{"id":28,"date":"2025-05-28T16:27:46","date_gmt":"2025-05-28T19:27:46","guid":{"rendered":"http:\/\/immhost\/imm-spopen\/?page_id=28"},"modified":"2026-03-25T18:47:31","modified_gmt":"2026-03-25T21:47:31","slug":"home","status":"publish","type":"page","link":"https:\/\/spopen.nox.dev\/en\/","title":{"rendered":"Home"},"content":{"rendered":"<section class=\"pt-[35px] pb-[22px]\">\n\t<div class=\"container\">\n\t\t<div class=\"flex flex-col gap-8 md:flex-row\">\n\t\t\t<div class=\"flex-1\">\n\t\t\t\t\n    <a class=\"block h-full\" href=\"https:\/\/spopen.nox.dev\/en\/sp-open-faz-sua-estreia-em-sao-paulo-com-esquadrao-nacional-liderado-por-bia-haddad-maia\/\">\n        <article class=\"h-full overflow-hidden border-2 border-sp-bluegray rounded-3xl\">\n            <figure>\n                <img loading=\"lazy\" decoding=\"async\" class=\"wp-image-thumb img-responsive w-full\" src=\"https:\/\/spopen.nox.dev\/wp-content\/uploads\/2025\/06\/WhatsApp-Image-2025-06-03-at-13.44.51-806x419.jpeg\" width=\"806\" height=\"419\" alt=\"SP Open faz sua estreia em S\u00e3o Paulo com esquadr\u00e3o nacional liderado por Bia Haddad Maia\" \/>            <\/figure>\n    \n            <div class=\"pt-7 pb-[21px] px-6\">\n                <h2 class=\"font-bold text-[25px] md:text-[29px] leading-tight mb-2\">SP Open opens in S\u00e3o Paulo with national squad led by Bia Haddad Maia<\/h2>\n                <p class=\"text-base text-sp-darkgray\">\n                    The tournament, which will mark the return of S\u00e3o Paulo to the WTA circuit after 25 years, will take place in...                <\/p>\n            <\/div>\n        <\/article>\n    <\/a>\n\n\t\t\t<\/div>\n\t\t\t<div class=\"max-w-[470px] w-full\">\n\t\t\t\t\n<div class=\"flex flex-col justify-around gap-7 border-2 border-sp-bluegray rounded-3xl py-6 md:py-[30px] px-6 md:px-[26px]\">\n        \n    \n    <a href=\"https:\/\/spopen.nox.dev\/en\/sp-open-marca-o-retorno-do-circuito-da-wta-ao-brasil\/\">\n        <article class=\"flex gap-[18px] justify-center items-center md:items-start\">\n            <figure class=\"w-1\/2 shrink-0\">\n                <img loading=\"lazy\" decoding=\"async\" class=\"wp-image-thumb img-responsive w-full rounded-[17px]\" src=\"https:\/\/spopen.nox.dev\/wp-content\/uploads\/2025\/05\/tenista-destaque-1-418x294.jpg\" width=\"418\" height=\"294\" alt=\"SP Open marca o retorno do circuito da WTA ao Brasil\" \/>            <\/figure>\n            <h3 class=\"font-semibold text-[18px] md:text-[21px] leading-tight\">SP Open marks the return of the WTA circuit to Brazil<\/h3>\n        <\/article>\n    <\/a>\n\n    \n    <a href=\"https:\/\/spopen.nox.dev\/en\/bia-luisa-e-laura-inspiram-as-novas-geracoes-com-suas-conquistas\/\">\n        <article class=\"flex gap-[18px] justify-center items-center md:items-start\">\n            <figure class=\"w-1\/2 shrink-0\">\n                <img loading=\"lazy\" decoding=\"async\" class=\"wp-image-thumb img-responsive w-full rounded-[17px]\" src=\"https:\/\/spopen.nox.dev\/wp-content\/uploads\/2025\/05\/texto-3-1-418x294.jpg\" width=\"418\" height=\"294\" alt=\"Bia, Lu\u00edsa e Laura inspiram as novas gera\u00e7\u00f5es com suas conquistas\" \/>            <\/figure>\n            <h3 class=\"font-semibold text-[18px] md:text-[21px] leading-tight\">Bia, Lu\u00edsa and Laura inspire new generations with their achievements<\/h3>\n        <\/article>\n    <\/a>\n\n    \n    <a href=\"https:\/\/spopen.nox.dev\/en\/de-olho-na-nova-geracao\/\">\n        <article class=\"flex gap-[18px] justify-center items-center md:items-start\">\n            <figure class=\"w-1\/2 shrink-0\">\n                <img loading=\"lazy\" decoding=\"async\" class=\"wp-image-thumb img-responsive w-full rounded-[17px]\" src=\"https:\/\/spopen.nox.dev\/wp-content\/uploads\/2025\/05\/texto-2-418x294.jpg\" width=\"418\" height=\"294\" alt=\"Victoria e Nauhany: de olho na nova gera\u00e7\u00e3o\" \/>            <\/figure>\n            <h3 class=\"font-semibold text-[18px] md:text-[21px] leading-tight\">Victoria and Nauhany: keeping an eye on the new generation<\/h3>\n        <\/article>\n    <\/a>\n\n    <\/div>\t\t\t<\/div>\n\t\t<\/div>\n\t<\/div>\n<\/section>\n\n\n<section class=\"pt-[22px] pb-[21px]\">\n\t<div class=\"container grid grid-cols-1 gap-5 md:grid-cols-3\">\n\t\t\t\t\t<div class=\"flex-1 border border-sp-bluegray rounded-[28px]\">\n\t\t\t\t<figure>\n\t\t\t\t\t\t\t\t\t\t\t<a href=\"https:\/\/spopenwta.com.br\/informacoes\/faq\/\">\n\t\t\t\t\t\t\t<img decoding=\"async\" class=\"rounded-t-[28px]\" src=\"https:\/\/spopen.nox.dev\/wp-content\/uploads\/2025\/08\/img-perguntas-frequentes.jpg\" alt=\"\">\n\t\t\t\t\t\t<\/a>\n\t\t\t\t\t\t\t\t\t<\/figure>\n\t\t\t\t<h4 class=\"text-white font-medium text-base bg-sp-pink px-6 md:px-7 py-[2px]\">Frequently Asked Questions<\/h4>\n\t\t\t\t<p class=\"px-6 pt-4 pb-4 font-bold text-base md:px-7\">\n\t\t\t\t\tGet all your questions answered for SPOPEN\t\t\t\t<\/p>\n\t\t\t<\/div>\n\t\t\t\t\t<div class=\"flex-1 border border-sp-bluegray rounded-[28px]\">\n\t\t\t\t<figure>\n\t\t\t\t\t\t\t\t\t\t\t<img decoding=\"async\" class=\"rounded-t-[28px]\" src=\"https:\/\/spopen.nox.dev\/wp-content\/uploads\/2025\/08\/img-programacao.jpg\" alt=\"\">\n\t\t\t\t\t\t\t\t\t<\/figure>\n\t\t\t\t<h4 class=\"text-white font-medium text-base bg-sp-pink px-6 md:px-7 py-[2px]\">Program<\/h4>\n\t\t\t\t<p class=\"px-6 pt-4 pb-4 font-bold text-base md:px-7\">\n\t\t\t\t\tDon't miss a single point - follow everything here\t\t\t\t<\/p>\n\t\t\t<\/div>\n\t\t\t\t\t<div class=\"flex-1 border border-sp-bluegray rounded-[28px]\">\n\t\t\t\t<figure>\n\t\t\t\t\t\t\t\t\t\t\t<img decoding=\"async\" class=\"rounded-t-[28px]\" src=\"https:\/\/spopen.nox.dev\/wp-content\/uploads\/2025\/08\/img-ingressos.jpg\" alt=\"\">\n\t\t\t\t\t\t\t\t\t<\/figure>\n\t\t\t\t<h4 class=\"text-white font-medium text-base bg-sp-pink px-6 md:px-7 py-[2px]\">Secure your place now!<\/h4>\n\t\t\t\t<p class=\"px-6 pt-4 pb-4 font-bold text-base md:px-7\">\n\t\t\t\t\tCheck out the prices, discover the exclusive benefits and get ready to experience the best of tennis\t\t\t\t<\/p>\n\t\t\t<\/div>\n\t\t\t<\/div>\n<\/section>\n\n\n<section class=\"py-4 md:py-[21px]\">\n\t<div class=\"container\">\n\t\t<div class=\"bg-sp-gray rounded-[32px] py-6 md:pt-[49px] md:pb-[56px] px-6 md:px-[53px]\">\n\t\t\t<div class=\"flex justify-between items-center mb-[26px]\">\n\t\t\t\t<p class=\"text-xs font-medium\">Athletes<\/p>\n\n\t\t\t\t<!-- <a class=\"text-xs font-medium\" href=\".\/lista-dos-atletas\/\">Veja a lista completa ><\/a> -->\n\t\t\t<\/div>\n\n\t\t\t<h2 class=\"text-center text-[22px] md:text-[37px] font-bold mb-8 md:mb-[54px]\">Tenistas confirmadas no SP OPEN 2026<\/h2>\n\n\t\t\t<!-- <div class=\"swiper tenistas-confirmadas\">\n\t\t\t\t<div class=\"swiper-wrapper\">\n\t\t\t\t\t\n    <a class=\"swiper-slide\" target=\"_blank\" href=\"https:\/\/www.wtatennis.com\/players\/318176\/beatriz-haddad-maia\">\n        <div class=\"border-[3px] border-sp-pink rounded-[25px] p-[6px]\">\n            <div class=\"rounded-[15px] overflow-hidden bg-sp-lightgray\">\n                <figure class=\"relative flex justify-center\">\n                    <img loading=\"lazy\" decoding=\"async\" class=\"wp-image-thumb img-responsive w-full\" src=\"https:\/\/spopen.nox.dev\/wp-content\/uploads\/2025\/07\/atle-beatriz-haddad-250x303.png\" width=\"250\" height=\"303\" alt=\"Beatriz Haddad Maia\" \/>\n                    <figcaption class=\"absolute inset-x-0 bottom-0 bg-sp-darkgray px-5 py-2 text-white rounded-b-[15px] leading-tight text-xs\">\n                                                Beatriz                        <br \/>\n                        Haddad Maia                        \n                                            <\/figcaption>\n                <\/figure>\n            <\/div>\n        <\/div>\n    <\/a>\n\n    <a class=\"swiper-slide\" target=\"_blank\" href=\"https:\/\/www.wtatennis.com\/players\/321047\/luisa-stefani\">\n        <div class=\"border-[3px] border-sp-pink rounded-[25px] p-[6px]\">\n            <div class=\"rounded-[15px] overflow-hidden bg-sp-lightgray\">\n                <figure class=\"relative flex justify-center\">\n                    <img loading=\"lazy\" decoding=\"async\" class=\"wp-image-thumb img-responsive w-full\" src=\"https:\/\/spopen.nox.dev\/wp-content\/uploads\/2025\/07\/atle-luisa-stefani-250x303.png\" width=\"250\" height=\"303\" alt=\"Luisa Stefani\" \/>\n                    <figcaption class=\"absolute inset-x-0 bottom-0 bg-sp-darkgray px-5 py-2 text-white rounded-b-[15px] leading-tight text-xs\">\n                                                Luisa                        <br \/>\n                        Stefani                        \n                                            <\/figcaption>\n                <\/figure>\n            <\/div>\n        <\/div>\n    <\/a>\n\n    <a class=\"swiper-slide\" target=\"_blank\" href=\"https:\/\/www.wtatennis.com\/players\/317155\/laura-pigossi\">\n        <div class=\"border-[3px] border-sp-pink rounded-[25px] p-[6px]\">\n            <div class=\"rounded-[15px] overflow-hidden bg-sp-lightgray\">\n                <figure class=\"relative flex justify-center\">\n                    <img loading=\"lazy\" decoding=\"async\" class=\"wp-image-thumb img-responsive w-full\" src=\"https:\/\/spopen.nox.dev\/wp-content\/uploads\/2025\/07\/atle-laura-pigossi-250x303.png\" width=\"250\" height=\"303\" alt=\"Laura Pigossi\" \/>\n                    <figcaption class=\"absolute inset-x-0 bottom-0 bg-sp-darkgray px-5 py-2 text-white rounded-b-[15px] leading-tight text-xs\">\n                                                Laura                        <br \/>\n                        Pigossi                        \n                                            <\/figcaption>\n                <\/figure>\n            <\/div>\n        <\/div>\n    <\/a>\n\n    <a class=\"swiper-slide\" target=\"_blank\" href=\"https:\/\/www.wtatennis.com\/players\/320146\/ingrid-martins\">\n        <div class=\"border-[3px] border-sp-pink rounded-[25px] p-[6px]\">\n            <div class=\"rounded-[15px] overflow-hidden bg-sp-lightgray\">\n                <figure class=\"relative flex justify-center\">\n                    <img loading=\"lazy\" decoding=\"async\" class=\"wp-image-thumb img-responsive w-full\" src=\"https:\/\/spopen.nox.dev\/wp-content\/uploads\/2025\/07\/atle-ingrid-martins2-250x303.png\" width=\"250\" height=\"303\" alt=\"Ingrid Martins\" \/>\n                    <figcaption class=\"absolute inset-x-0 bottom-0 bg-sp-darkgray px-5 py-2 text-white rounded-b-[15px] leading-tight text-xs\">\n                                                Ingrid                        <br \/>\n                        Martins                        \n                                            <\/figcaption>\n                <\/figure>\n            <\/div>\n        <\/div>\n    <\/a>\n\n    <a class=\"swiper-slide\" target=\"_blank\" href=\"https:\/\/www.wtatennis.com\/players\/319305\/carolina-alves\">\n        <div class=\"border-[3px] border-sp-pink rounded-[25px] p-[6px]\">\n            <div class=\"rounded-[15px] overflow-hidden bg-sp-lightgray\">\n                <figure class=\"relative flex justify-center\">\n                    <img loading=\"lazy\" decoding=\"async\" class=\"wp-image-thumb img-responsive w-full\" src=\"https:\/\/spopen.nox.dev\/wp-content\/uploads\/2025\/07\/atle-carol-meligeni-250x303.png\" width=\"250\" height=\"303\" alt=\"Carolina Meligeni\" \/>\n                    <figcaption class=\"absolute inset-x-0 bottom-0 bg-sp-darkgray px-5 py-2 text-white rounded-b-[15px] leading-tight text-xs\">\n                                                Carolina                        <br \/>\n                        Meligeni                        \n                                            <\/figcaption>\n                <\/figure>\n            <\/div>\n        <\/div>\n    <\/a>\n\n    <a class=\"swiper-slide\" target=\"_blank\" href=\"https:\/\/www.wtatennis.com\/players\/334602\/nauhany-vitoria-leme-da-silva\">\n        <div class=\"border-[3px] border-sp-pink rounded-[25px] p-[6px]\">\n            <div class=\"rounded-[15px] overflow-hidden bg-sp-lightgray\">\n                <figure class=\"relative flex justify-center\">\n                    <img loading=\"lazy\" decoding=\"async\" class=\"wp-image-thumb img-responsive w-full\" src=\"https:\/\/spopen.nox.dev\/wp-content\/uploads\/2025\/07\/atle-nauhany-silva2-250x303.png\" width=\"250\" height=\"303\" alt=\"Nauhany Silva\" \/>\n                    <figcaption class=\"absolute inset-x-0 bottom-0 bg-sp-darkgray px-5 py-2 text-white rounded-b-[15px] leading-tight text-xs\">\n                                                Nauhany                        <br \/>\n                        Silva                        \n                                            <\/figcaption>\n                <\/figure>\n            <\/div>\n        <\/div>\n    <\/a>\n\n    <a class=\"swiper-slide\" target=\"_blank\" href=\"https:\/\/www.wtatennis.com\/players\/335246\/victoria-luiza-barros\">\n        <div class=\"border-[3px] border-sp-pink rounded-[25px] p-[6px]\">\n            <div class=\"rounded-[15px] overflow-hidden bg-sp-lightgray\">\n                <figure class=\"relative flex justify-center\">\n                    <img loading=\"lazy\" decoding=\"async\" class=\"wp-image-thumb img-responsive w-full\" src=\"https:\/\/spopen.nox.dev\/wp-content\/uploads\/2025\/07\/victoria-barros-250x303.png\" width=\"250\" height=\"303\" alt=\"Victoria Luiza Barros\" \/>\n                    <figcaption class=\"absolute inset-x-0 bottom-0 bg-sp-darkgray px-5 py-2 text-white rounded-b-[15px] leading-tight text-xs\">\n                                                Victoria                        <br \/>\n                        Luiza Barros                        \n                                            <\/figcaption>\n                <\/figure>\n            <\/div>\n        <\/div>\n    <\/a>\n\t\t\t\t<\/div>\n\n\t\t\t\t<div class=\"relative swiper-pagination mt-14\"><\/div>\n\t\t\t<\/div> -->\n\n\t\t\t<p class=\"text-lg font-medium text-center md:text-2xl\">Em breve mais informa\u00e7\u00f5es.<\/p>\n\t\t<\/div>\n\t<\/div>\n<\/section>\n\n\n<section class=\"pt-[27px] pb-[38px]\">\n\t<div class=\"container\">\n\t\t<div class=\"bg-sp-darkgray rounded-[31px] p-[33px] flex flex-col md:flex-row gap-8 md:gap-[62px] justify-center items-center\">\n\t\t\t<h2 class=\"text-[22px] md:text-[27px] text-center md:text-right font-medium text-sp-green leading-tight\">Want to stay up to date with all <br class=\"hidden md:block\" \/>what's new at the SP Open?<\/h2>\n\n\t\t\t<a\n\t\t\t\tclass=\"text-sp-darkgray md:text-left text-center text-[18px] md:text-[24px] 2xl:text-[29px] leading-tight font-bold rounded-full bg-sp-green px-4 md:px-[82px] py-3\"\n\t\t\t\thref=\"https:\/\/spopen.nox.dev\/en\/newsletter\/\">\n\t\t\t\tClick here to subscribe to our newsletter\n\t\t\t<\/a>\n\t\t<\/div>\n\t<\/div>\n<\/section>\n\n\n<p><\/p>","protected":false},"excerpt":{"rendered":"","protected":false},"author":1,"featured_media":0,"parent":0,"menu_order":0,"comment_status":"closed","ping_status":"closed","template":"","meta":{"_acf_changed":false,"footnotes":""},"class_list":["post-28","page","type-page","status-publish","hentry"],"acf":[],"_links":{"self":[{"href":"https:\/\/spopen.nox.dev\/en\/wp-json\/wp\/v2\/pages\/28","targetHints":{"allow":["GET"]}}],"collection":[{"href":"https:\/\/spopen.nox.dev\/en\/wp-json\/wp\/v2\/pages"}],"about":[{"href":"https:\/\/spopen.nox.dev\/en\/wp-json\/wp\/v2\/types\/page"}],"author":[{"embeddable":true,"href":"https:\/\/spopen.nox.dev\/en\/wp-json\/wp\/v2\/users\/1"}],"replies":[{"embeddable":true,"href":"https:\/\/spopen.nox.dev\/en\/wp-json\/wp\/v2\/comments?post=28"}],"version-history":[{"count":13,"href":"https:\/\/spopen.nox.dev\/en\/wp-json\/wp\/v2\/pages\/28\/revisions"}],"predecessor-version":[{"id":342,"href":"https:\/\/spopen.nox.dev\/en\/wp-json\/wp\/v2\/pages\/28\/revisions\/342"}],"wp:attachment":[{"href":"https:\/\/spopen.nox.dev\/en\/wp-json\/wp\/v2\/media?parent=28"}],"curies":[{"name":"wp","href":"https:\/\/api.w.org\/{rel}","templated":true}]}}