{"id":56,"date":"2025-05-29T15:31:43","date_gmt":"2025-05-29T18:31:43","guid":{"rendered":"http:\/\/immhost\/imm-spopen\/?page_id=56"},"modified":"2025-06-12T09:25:39","modified_gmt":"2025-06-12T12:25:39","slug":"ingressos","status":"publish","type":"page","link":"https:\/\/spopen.nox.dev\/en\/informacoes\/ingressos\/","title":{"rendered":"Tickets"},"content":{"rendered":"<h1 class=\"wp-block-heading\"><strong>Tickets for the SP Open 2025: find out how to secure yours!<\/strong><\/h1>\n\n\n\n<p>The city of S\u00e3o Paulo is officially back on the WTA circuit, and now it's your turn to be a part of it! Ticket sales for the SP Open start on June 17, with an exclusive pre-sale for Claro Clube, BRB, employees and Heineken corporate clients.<\/p>\n\n\n\n<p>Tickets will be available to the general public from June 24th. Secure your place at the biggest WTA in the Americas, which takes place from September 6 to 14 at Parque Villa-Lobos and will feature names such as Bia Haddad Maia, Luisa Stefani, Laura Pigossi, Carol Meligeni, Ingrid Martins, Victoria Barros and Nauhany Silva, as well as other big names in world tennis.<\/p>\n\n\n\n<p class=\"hlink-spopen-faq\">For more details and questions about tickets, go to:\u00a0<a href=\"https:\/\/spopen.nox.dev\/en\/informacoes\/faq\/\" target=\"_blank\" rel=\"noreferrer noopener\">spopenwta.com.br\/informacoes\/faq\/<\/a><\/p>\n\n\n\n<p>See you in the stands!<\/p>","protected":false},"excerpt":{"rendered":"<p>Ingressos para o SP Open 2025: saiba como garantir o seu! A cidade de S\u00e3o Paulo est\u00e1 oficialmente de volta ao circuito da WTA, e agora \u00e9 a sua vez de fazer parte dessa hist\u00f3ria! A venda de ingressos para o SP Open come\u00e7a no dia 17 de junho, com pr\u00e9-venda exclusiva para clientes Claro [&hellip;]<\/p>","protected":false},"author":1,"featured_media":0,"parent":11,"menu_order":0,"comment_status":"closed","ping_status":"closed","template":"","meta":{"_acf_changed":false,"footnotes":""},"class_list":["post-56","page","type-page","status-publish","hentry"],"acf":[],"_links":{"self":[{"href":"https:\/\/spopen.nox.dev\/en\/wp-json\/wp\/v2\/pages\/56","targetHints":{"allow":["GET"]}}],"collection":[{"href":"https:\/\/spopen.nox.dev\/en\/wp-json\/wp\/v2\/pages"}],"about":[{"href":"https:\/\/spopen.nox.dev\/en\/wp-json\/wp\/v2\/types\/page"}],"author":[{"embeddable":true,"href":"https:\/\/spopen.nox.dev\/en\/wp-json\/wp\/v2\/users\/1"}],"replies":[{"embeddable":true,"href":"https:\/\/spopen.nox.dev\/en\/wp-json\/wp\/v2\/comments?post=56"}],"version-history":[{"count":6,"href":"https:\/\/spopen.nox.dev\/en\/wp-json\/wp\/v2\/pages\/56\/revisions"}],"predecessor-version":[{"id":167,"href":"https:\/\/spopen.nox.dev\/en\/wp-json\/wp\/v2\/pages\/56\/revisions\/167"}],"up":[{"embeddable":true,"href":"https:\/\/spopen.nox.dev\/en\/wp-json\/wp\/v2\/pages\/11"}],"wp:attachment":[{"href":"https:\/\/spopen.nox.dev\/en\/wp-json\/wp\/v2\/media?parent=56"}],"curies":[{"name":"wp","href":"https:\/\/api.w.org\/{rel}","templated":true}]}}